{"id":2680,"date":"2024-06-04T11:38:14","date_gmt":"2024-06-04T08:38:14","guid":{"rendered":"https:\/\/pmsdockmarine.com\/en\/?page_id=2680"},"modified":"2024-06-07T15:13:19","modified_gmt":"2024-06-07T12:13:19","slug":"our-distributors","status":"publish","type":"page","link":"https:\/\/pmsdockmarine.com\/en\/our-distributors\/","title":{"rendered":"Our D\u0131str\u0131butors"},"content":{"rendered":"\t\t<div data-elementor-type=\"wp-page\" data-elementor-id=\"2680\" class=\"elementor elementor-2680\">\n\t\t\t\t\t\t<section class=\"ob-is-breaking-bad elementor-section elementor-top-section elementor-element elementor-element-f788e08 elementor-section-boxed elementor-section-height-default elementor-section-height-default\" data-id=\"f788e08\" data-element_type=\"section\" data-e-type=\"section\" data-settings=\"{&quot;background_background&quot;:&quot;gradient&quot;,&quot;_ob_bbad_use_it&quot;:&quot;yes&quot;,&quot;_ob_bbad_sssic_use&quot;:&quot;no&quot;,&quot;_ob_glider_is_slider&quot;:&quot;no&quot;}\">\n\t\t\t\t\t\t<div class=\"elementor-container elementor-column-gap-default\">\n\t\t\t\t\t<div class=\"elementor-column elementor-col-100 elementor-top-column elementor-element elementor-element-1a3be42\" data-id=\"1a3be42\" data-element_type=\"column\" data-e-type=\"column\" data-settings=\"{&quot;_ob_bbad_is_stalker&quot;:&quot;no&quot;,&quot;_ob_teleporter_use&quot;:false,&quot;_ob_column_hoveranimator&quot;:&quot;no&quot;,&quot;_ob_column_has_pseudo&quot;:&quot;no&quot;}\">\n\t\t\t<div class=\"elementor-widget-wrap elementor-element-populated\">\n\t\t\t\t\t\t\t<\/div>\n\t\t<\/div>\n\t\t\t\t\t<\/div>\n\t\t<\/section>\n\t\t\t\t<section class=\"ob-is-breaking-bad elementor-section elementor-top-section elementor-element elementor-element-f089daf elementor-section-boxed elementor-section-height-default elementor-section-height-default\" data-id=\"f089daf\" data-element_type=\"section\" data-e-type=\"section\" data-settings=\"{&quot;_ob_bbad_use_it&quot;:&quot;yes&quot;,&quot;_ob_bbad_sssic_use&quot;:&quot;no&quot;,&quot;_ob_glider_is_slider&quot;:&quot;no&quot;}\">\n\t\t\t\t\t\t<div class=\"elementor-container elementor-column-gap-default\">\n\t\t\t\t\t<div class=\"elementor-column elementor-col-100 elementor-top-column elementor-element elementor-element-705b485\" data-id=\"705b485\" data-element_type=\"column\" data-e-type=\"column\" data-settings=\"{&quot;_ob_bbad_is_stalker&quot;:&quot;no&quot;,&quot;_ob_teleporter_use&quot;:false,&quot;_ob_column_hoveranimator&quot;:&quot;no&quot;,&quot;_ob_column_has_pseudo&quot;:&quot;no&quot;}\">\n\t\t\t<div class=\"elementor-widget-wrap elementor-element-populated\">\n\t\t\t\t\t\t<div class=\"elementor-element elementor-element-13e83e2 ob-has-background-overlay elementor-widget elementor-widget-igmap\" data-id=\"13e83e2\" data-element_type=\"widget\" data-e-type=\"widget\" data-settings=\"{&quot;_ob_perspektive_use&quot;:&quot;no&quot;,&quot;_ob_poopart_use&quot;:&quot;yes&quot;,&quot;_ob_shadough_use&quot;:&quot;no&quot;,&quot;_ob_allow_hoveranimator&quot;:&quot;no&quot;,&quot;_ob_widget_stalker_use&quot;:&quot;no&quot;}\" data-widget_type=\"igmap.default\">\n\t\t\t\t<div class=\"elementor-widget-container\">\n\t\t\t\t\t<div class=\"igmap-elementor-widget\"><div class=\"map_wrapper\" id=\"map_wrapper_2679\">\n<div class=\"map_box\" style=\"max-width:2000px\">\n<div class=\"map_aspect_ratio\" style=\"padding-top:50%\" data-padding-top=\"50%\" data-padding-top-mobile=\"0%\">\n<div class=\"map_container\">\n<div class=\"map_render map_loading\" id=\"map_2679\"><\/div>\n<\/div>\n<\/div>\n<\/div>\n<\/div><\/div>\t\t\t\t<\/div>\n\t\t\t\t<\/div>\n\t\t\t\t\t<\/div>\n\t\t<\/div>\n\t\t\t\t\t<\/div>\n\t\t<\/section>\n\t\t\t\t<\/div>\n\t\t","protected":false},"excerpt":{"rendered":"<p>Preview Only<\/p>\n","protected":false},"author":2,"featured_media":0,"parent":0,"menu_order":0,"comment_status":"closed","ping_status":"closed","template":"elementor_header_footer","meta":{"footnotes":""},"class_list":["post-2680","page","type-page","status-publish","hentry"],"yoast_head":"<!-- This site is optimized with the Yoast SEO plugin v27.4 - https:\/\/yoast.com\/product\/yoast-seo-wordpress\/ -->\n<title>Our D\u0131str\u0131butors - Y\u00fczer \u0130skeleler, Tekne ve Jetski Platformlar\u0131, \u015eamand\u0131ralar, End\u00fcstriyel Uygulamalar<\/title>\n<meta name=\"description\" content=\"Firmam\u0131z\u0131 ve yapm\u0131\u015f oldu\u011fumuz \u00fcr\u00fcnleri daha iyi tan\u0131man\u0131z i\u00e7in olu\u015fturdu\u011fumuz kataloglar sayfam\u0131z\u0131 ziyaret edebilirsiniz...\" \/>\n<meta name=\"robots\" content=\"index, follow, max-snippet:-1, max-image-preview:large, max-video-preview:-1\" \/>\n<link rel=\"canonical\" href=\"https:\/\/pmsdockmarine.com\/en\/our-distributors\/\" \/>\n<meta property=\"og:locale\" content=\"tr_TR\" \/>\n<meta property=\"og:type\" content=\"article\" \/>\n<meta property=\"og:title\" content=\"Our D\u0131str\u0131butors - Y\u00fczer \u0130skeleler, Tekne ve Jetski Platformlar\u0131, \u015eamand\u0131ralar, End\u00fcstriyel Uygulamalar\" \/>\n<meta property=\"og:description\" content=\"Firmam\u0131z\u0131 ve yapm\u0131\u015f oldu\u011fumuz \u00fcr\u00fcnleri daha iyi tan\u0131man\u0131z i\u00e7in olu\u015fturdu\u011fumuz kataloglar sayfam\u0131z\u0131 ziyaret edebilirsiniz...\" \/>\n<meta property=\"og:url\" content=\"https:\/\/pmsdockmarine.com\/en\/our-distributors\/\" \/>\n<meta property=\"og:site_name\" content=\"Y\u00fczer \u0130skeleler, Tekne ve Jetski Platformlar\u0131, \u015eamand\u0131ralar, End\u00fcstriyel Uygulamalar\" \/>\n<meta property=\"article:modified_time\" content=\"2024-06-07T12:13:19+00:00\" \/>\n<meta name=\"twitter:card\" content=\"summary_large_image\" \/>\n<meta name=\"twitter:label1\" content=\"Tahmini okuma s\u00fcresi\" \/>\n\t<meta name=\"twitter:data1\" content=\"1 dakika\" \/>\n<script type=\"application\/ld+json\" class=\"yoast-schema-graph\">{\"@context\":\"https:\\\/\\\/schema.org\",\"@graph\":[{\"@type\":\"WebPage\",\"@id\":\"https:\\\/\\\/pmsdockmarine.com\\\/en\\\/our-distributors\\\/\",\"url\":\"https:\\\/\\\/pmsdockmarine.com\\\/en\\\/our-distributors\\\/\",\"name\":\"Our D\u0131str\u0131butors - Y\u00fczer \u0130skeleler, Tekne ve Jetski Platformlar\u0131, \u015eamand\u0131ralar, End\u00fcstriyel Uygulamalar\",\"isPartOf\":{\"@id\":\"https:\\\/\\\/pmsdockmarine.com\\\/en\\\/#website\"},\"datePublished\":\"2024-06-04T08:38:14+00:00\",\"dateModified\":\"2024-06-07T12:13:19+00:00\",\"description\":\"Firmam\u0131z\u0131 ve yapm\u0131\u015f oldu\u011fumuz \u00fcr\u00fcnleri daha iyi tan\u0131man\u0131z i\u00e7in olu\u015fturdu\u011fumuz kataloglar sayfam\u0131z\u0131 ziyaret edebilirsiniz...\",\"breadcrumb\":{\"@id\":\"https:\\\/\\\/pmsdockmarine.com\\\/en\\\/our-distributors\\\/#breadcrumb\"},\"inLanguage\":\"tr\",\"potentialAction\":[{\"@type\":\"ReadAction\",\"target\":[\"https:\\\/\\\/pmsdockmarine.com\\\/en\\\/our-distributors\\\/\"]}]},{\"@type\":\"BreadcrumbList\",\"@id\":\"https:\\\/\\\/pmsdockmarine.com\\\/en\\\/our-distributors\\\/#breadcrumb\",\"itemListElement\":[{\"@type\":\"ListItem\",\"position\":1,\"name\":\"Anasayfa\",\"item\":\"https:\\\/\\\/pmsdockmarine.com\\\/en\\\/\"},{\"@type\":\"ListItem\",\"position\":2,\"name\":\"Our D\u0131str\u0131butors\"}]},{\"@type\":\"WebSite\",\"@id\":\"https:\\\/\\\/pmsdockmarine.com\\\/en\\\/#website\",\"url\":\"https:\\\/\\\/pmsdockmarine.com\\\/en\\\/\",\"name\":\"Y\u00fczer \u0130skeleler, Tekne ve Jetski Platformlar\u0131, \u015eamand\u0131ralar, End\u00fcstriyel Uygulamalar\",\"description\":\"PMS Dock Marine\",\"potentialAction\":[{\"@type\":\"SearchAction\",\"target\":{\"@type\":\"EntryPoint\",\"urlTemplate\":\"https:\\\/\\\/pmsdockmarine.com\\\/en\\\/?s={search_term_string}\"},\"query-input\":{\"@type\":\"PropertyValueSpecification\",\"valueRequired\":true,\"valueName\":\"search_term_string\"}}],\"inLanguage\":\"tr\"}]}<\/script>\n<!-- \/ Yoast SEO plugin. -->","yoast_head_json":{"title":"Our D\u0131str\u0131butors - Y\u00fczer \u0130skeleler, Tekne ve Jetski Platformlar\u0131, \u015eamand\u0131ralar, End\u00fcstriyel Uygulamalar","description":"Firmam\u0131z\u0131 ve yapm\u0131\u015f oldu\u011fumuz \u00fcr\u00fcnleri daha iyi tan\u0131man\u0131z i\u00e7in olu\u015fturdu\u011fumuz kataloglar sayfam\u0131z\u0131 ziyaret edebilirsiniz...","robots":{"index":"index","follow":"follow","max-snippet":"max-snippet:-1","max-image-preview":"max-image-preview:large","max-video-preview":"max-video-preview:-1"},"canonical":"https:\/\/pmsdockmarine.com\/en\/our-distributors\/","og_locale":"tr_TR","og_type":"article","og_title":"Our D\u0131str\u0131butors - Y\u00fczer \u0130skeleler, Tekne ve Jetski Platformlar\u0131, \u015eamand\u0131ralar, End\u00fcstriyel Uygulamalar","og_description":"Firmam\u0131z\u0131 ve yapm\u0131\u015f oldu\u011fumuz \u00fcr\u00fcnleri daha iyi tan\u0131man\u0131z i\u00e7in olu\u015fturdu\u011fumuz kataloglar sayfam\u0131z\u0131 ziyaret edebilirsiniz...","og_url":"https:\/\/pmsdockmarine.com\/en\/our-distributors\/","og_site_name":"Y\u00fczer \u0130skeleler, Tekne ve Jetski Platformlar\u0131, \u015eamand\u0131ralar, End\u00fcstriyel Uygulamalar","article_modified_time":"2024-06-07T12:13:19+00:00","twitter_card":"summary_large_image","twitter_misc":{"Tahmini okuma s\u00fcresi":"1 dakika"},"schema":{"@context":"https:\/\/schema.org","@graph":[{"@type":"WebPage","@id":"https:\/\/pmsdockmarine.com\/en\/our-distributors\/","url":"https:\/\/pmsdockmarine.com\/en\/our-distributors\/","name":"Our D\u0131str\u0131butors - Y\u00fczer \u0130skeleler, Tekne ve Jetski Platformlar\u0131, \u015eamand\u0131ralar, End\u00fcstriyel Uygulamalar","isPartOf":{"@id":"https:\/\/pmsdockmarine.com\/en\/#website"},"datePublished":"2024-06-04T08:38:14+00:00","dateModified":"2024-06-07T12:13:19+00:00","description":"Firmam\u0131z\u0131 ve yapm\u0131\u015f oldu\u011fumuz \u00fcr\u00fcnleri daha iyi tan\u0131man\u0131z i\u00e7in olu\u015fturdu\u011fumuz kataloglar sayfam\u0131z\u0131 ziyaret edebilirsiniz...","breadcrumb":{"@id":"https:\/\/pmsdockmarine.com\/en\/our-distributors\/#breadcrumb"},"inLanguage":"tr","potentialAction":[{"@type":"ReadAction","target":["https:\/\/pmsdockmarine.com\/en\/our-distributors\/"]}]},{"@type":"BreadcrumbList","@id":"https:\/\/pmsdockmarine.com\/en\/our-distributors\/#breadcrumb","itemListElement":[{"@type":"ListItem","position":1,"name":"Anasayfa","item":"https:\/\/pmsdockmarine.com\/en\/"},{"@type":"ListItem","position":2,"name":"Our D\u0131str\u0131butors"}]},{"@type":"WebSite","@id":"https:\/\/pmsdockmarine.com\/en\/#website","url":"https:\/\/pmsdockmarine.com\/en\/","name":"Y\u00fczer \u0130skeleler, Tekne ve Jetski Platformlar\u0131, \u015eamand\u0131ralar, End\u00fcstriyel Uygulamalar","description":"PMS Dock Marine","potentialAction":[{"@type":"SearchAction","target":{"@type":"EntryPoint","urlTemplate":"https:\/\/pmsdockmarine.com\/en\/?s={search_term_string}"},"query-input":{"@type":"PropertyValueSpecification","valueRequired":true,"valueName":"search_term_string"}}],"inLanguage":"tr"}]}},"_links":{"self":[{"href":"https:\/\/pmsdockmarine.com\/en\/wp-json\/wp\/v2\/pages\/2680","targetHints":{"allow":["GET"]}}],"collection":[{"href":"https:\/\/pmsdockmarine.com\/en\/wp-json\/wp\/v2\/pages"}],"about":[{"href":"https:\/\/pmsdockmarine.com\/en\/wp-json\/wp\/v2\/types\/page"}],"author":[{"embeddable":true,"href":"https:\/\/pmsdockmarine.com\/en\/wp-json\/wp\/v2\/users\/2"}],"replies":[{"embeddable":true,"href":"https:\/\/pmsdockmarine.com\/en\/wp-json\/wp\/v2\/comments?post=2680"}],"version-history":[{"count":6,"href":"https:\/\/pmsdockmarine.com\/en\/wp-json\/wp\/v2\/pages\/2680\/revisions"}],"predecessor-version":[{"id":2709,"href":"https:\/\/pmsdockmarine.com\/en\/wp-json\/wp\/v2\/pages\/2680\/revisions\/2709"}],"wp:attachment":[{"href":"https:\/\/pmsdockmarine.com\/en\/wp-json\/wp\/v2\/media?parent=2680"}],"curies":[{"name":"wp","href":"https:\/\/api.w.org\/{rel}","templated":true}]}}