{"id":21,"date":"2023-02-02T11:12:30","date_gmt":"2023-02-02T08:12:30","guid":{"rendered":"https:\/\/pms.siteyse.com\/?page_id=21"},"modified":"2023-03-06T11:32:14","modified_gmt":"2023-03-06T08:32:14","slug":"catalogs","status":"publish","type":"page","link":"https:\/\/pmsdockmarine.com\/en\/catalogs\/","title":{"rendered":"Catalogs"},"content":{"rendered":"\t\t<div data-elementor-type=\"wp-page\" data-elementor-id=\"21\" class=\"elementor elementor-21\">\n\t\t\t\t\t\t<section class=\"ob-is-breaking-bad elementor-section elementor-top-section elementor-element elementor-element-f788e08 elementor-section-boxed elementor-section-height-default elementor-section-height-default\" data-id=\"f788e08\" data-element_type=\"section\" data-e-type=\"section\" data-settings=\"{&quot;background_background&quot;:&quot;gradient&quot;,&quot;_ob_bbad_use_it&quot;:&quot;yes&quot;,&quot;_ob_bbad_sssic_use&quot;:&quot;no&quot;,&quot;_ob_glider_is_slider&quot;:&quot;no&quot;}\">\n\t\t\t\t\t\t<div class=\"elementor-container elementor-column-gap-default\">\n\t\t\t\t\t<div class=\"elementor-column elementor-col-100 elementor-top-column elementor-element elementor-element-1a3be42\" data-id=\"1a3be42\" data-element_type=\"column\" data-e-type=\"column\" data-settings=\"{&quot;_ob_bbad_is_stalker&quot;:&quot;no&quot;,&quot;_ob_teleporter_use&quot;:false,&quot;_ob_column_hoveranimator&quot;:&quot;no&quot;,&quot;_ob_column_has_pseudo&quot;:&quot;no&quot;}\">\n\t\t\t<div class=\"elementor-widget-wrap elementor-element-populated\">\n\t\t\t\t\t\t\t<\/div>\n\t\t<\/div>\n\t\t\t\t\t<\/div>\n\t\t<\/section>\n\t\t\t\t<section class=\"ob-is-breaking-bad elementor-section elementor-top-section elementor-element elementor-element-9f4b1ae elementor-section-boxed elementor-section-height-default elementor-section-height-default\" data-id=\"9f4b1ae\" data-element_type=\"section\" data-e-type=\"section\" data-settings=\"{&quot;_ob_bbad_use_it&quot;:&quot;yes&quot;,&quot;_ob_bbad_sssic_use&quot;:&quot;no&quot;,&quot;_ob_glider_is_slider&quot;:&quot;no&quot;}\">\n\t\t\t\t\t\t<div class=\"elementor-container elementor-column-gap-default\">\n\t\t\t\t\t<div class=\"elementor-column elementor-col-25 elementor-top-column elementor-element elementor-element-1d0c149\" data-id=\"1d0c149\" data-element_type=\"column\" data-e-type=\"column\" data-settings=\"{&quot;_ob_bbad_is_stalker&quot;:&quot;no&quot;,&quot;_ob_teleporter_use&quot;:false,&quot;_ob_column_hoveranimator&quot;:&quot;no&quot;,&quot;_ob_column_has_pseudo&quot;:&quot;no&quot;}\">\n\t\t\t<div class=\"elementor-widget-wrap elementor-element-populated\">\n\t\t\t\t\t\t<div class=\"elementor-element elementor-element-dbc5dde ob-has-background-overlay elementor-widget elementor-widget-image\" data-id=\"dbc5dde\" data-element_type=\"widget\" data-e-type=\"widget\" data-settings=\"{&quot;_ob_photomorph_use&quot;:&quot;no&quot;,&quot;_ob_perspektive_use&quot;:&quot;no&quot;,&quot;_ob_poopart_use&quot;:&quot;yes&quot;,&quot;_ob_shadough_use&quot;:&quot;no&quot;,&quot;_ob_allow_hoveranimator&quot;:&quot;no&quot;,&quot;_ob_widget_stalker_use&quot;:&quot;no&quot;}\" data-widget_type=\"image.default\">\n\t\t\t\t<div class=\"elementor-widget-container\">\n\t\t\t\t\t\t\t\t\t\t\t\t\t\t\t\t<a href=\"https:\/\/pmsdockmarine.com\/\/wp-content\/uploads\/2023\/02\/dockmarine-portlar-rev1.pdf\" target=\"_blank\">\n\t\t\t\t\t\t\t<img fetchpriority=\"high\" decoding=\"async\" width=\"768\" height=\"1019\" src=\"https:\/\/pmsdockmarine.com\/en\/wp-content\/uploads\/2023\/02\/dockmarine-katalog-tr-768x1019.jpg\" class=\"attachment-medium_large size-medium_large wp-image-89\" alt=\"\" srcset=\"https:\/\/pmsdockmarine.com\/en\/wp-content\/uploads\/2023\/02\/dockmarine-katalog-tr-768x1019.jpg 768w, https:\/\/pmsdockmarine.com\/en\/wp-content\/uploads\/2023\/02\/dockmarine-katalog-tr-641x850.jpg 641w, https:\/\/pmsdockmarine.com\/en\/wp-content\/uploads\/2023\/02\/dockmarine-katalog-tr.jpg 790w\" sizes=\"(max-width: 768px) 100vw, 768px\" \/>\t\t\t\t\t\t\t\t<\/a>\n\t\t\t\t\t\t\t\t\t\t\t\t\t\t\t<\/div>\n\t\t\t\t<\/div>\n\t\t\t\t<div class=\"elementor-element elementor-element-ba64b23 ob-harakiri-inherit ob-has-background-overlay elementor-widget elementor-widget-heading\" data-id=\"ba64b23\" data-element_type=\"widget\" data-e-type=\"widget\" data-settings=\"{&quot;_ob_use_harakiri&quot;:&quot;yes&quot;,&quot;_ob_harakiri_writing_mode&quot;:&quot;inherit&quot;,&quot;_ob_harakiri_text_clip&quot;:&quot;none&quot;,&quot;_ob_perspektive_use&quot;:&quot;no&quot;,&quot;_ob_poopart_use&quot;:&quot;yes&quot;,&quot;_ob_shadough_use&quot;:&quot;no&quot;,&quot;_ob_allow_hoveranimator&quot;:&quot;no&quot;,&quot;_ob_widget_stalker_use&quot;:&quot;no&quot;}\" data-widget_type=\"heading.default\">\n\t\t\t\t<div class=\"elementor-widget-container\">\n\t\t\t\t\t<h3 class=\"elementor-heading-title elementor-size-default\"><a href=\"https:\/\/pmsdockmarine.com\/wp-content\/uploads\/2023\/02\/dockmarine-portlar-rev1.pdf\" target=\"_blank\">Dockmarine Ports<\/a><\/h3>\t\t\t\t<\/div>\n\t\t\t\t<\/div>\n\t\t\t\t\t<\/div>\n\t\t<\/div>\n\t\t\t\t<div class=\"elementor-column elementor-col-25 elementor-top-column elementor-element elementor-element-78f8fdd\" data-id=\"78f8fdd\" data-element_type=\"column\" data-e-type=\"column\" data-settings=\"{&quot;_ob_bbad_is_stalker&quot;:&quot;no&quot;,&quot;_ob_teleporter_use&quot;:false,&quot;_ob_column_hoveranimator&quot;:&quot;no&quot;,&quot;_ob_column_has_pseudo&quot;:&quot;no&quot;}\">\n\t\t\t<div class=\"elementor-widget-wrap elementor-element-populated\">\n\t\t\t\t\t\t<div class=\"elementor-element elementor-element-acd1a64 ob-has-background-overlay elementor-widget elementor-widget-image\" data-id=\"acd1a64\" data-element_type=\"widget\" data-e-type=\"widget\" data-settings=\"{&quot;_ob_photomorph_use&quot;:&quot;no&quot;,&quot;_ob_perspektive_use&quot;:&quot;no&quot;,&quot;_ob_poopart_use&quot;:&quot;yes&quot;,&quot;_ob_shadough_use&quot;:&quot;no&quot;,&quot;_ob_allow_hoveranimator&quot;:&quot;no&quot;,&quot;_ob_widget_stalker_use&quot;:&quot;no&quot;}\" data-widget_type=\"image.default\">\n\t\t\t\t<div class=\"elementor-widget-container\">\n\t\t\t\t\t\t\t\t\t\t\t\t\t\t\t\t<a href=\"https:\/\/pmsdockmarine.com\/wp-content\/uploads\/2023\/02\/dockmarine-katalog-tr.jpg\" target=\"_blank\">\n\t\t\t\t\t\t\t<img decoding=\"async\" width=\"768\" height=\"1042\" src=\"https:\/\/pmsdockmarine.com\/en\/wp-content\/uploads\/2023\/02\/industriyel-molding-768x1042.jpg\" class=\"attachment-medium_large size-medium_large wp-image-88\" alt=\"\" srcset=\"https:\/\/pmsdockmarine.com\/en\/wp-content\/uploads\/2023\/02\/industriyel-molding-768x1042.jpg 768w, https:\/\/pmsdockmarine.com\/en\/wp-content\/uploads\/2023\/02\/industriyel-molding-626x850.jpg 626w, https:\/\/pmsdockmarine.com\/en\/wp-content\/uploads\/2023\/02\/industriyel-molding.jpg 796w\" sizes=\"(max-width: 768px) 100vw, 768px\" \/>\t\t\t\t\t\t\t\t<\/a>\n\t\t\t\t\t\t\t\t\t\t\t\t\t\t\t<\/div>\n\t\t\t\t<\/div>\n\t\t\t\t<div class=\"elementor-element elementor-element-8d880ea ob-harakiri-inherit ob-has-background-overlay elementor-widget elementor-widget-heading\" data-id=\"8d880ea\" data-element_type=\"widget\" data-e-type=\"widget\" data-settings=\"{&quot;_ob_use_harakiri&quot;:&quot;yes&quot;,&quot;_ob_harakiri_writing_mode&quot;:&quot;inherit&quot;,&quot;_ob_harakiri_text_clip&quot;:&quot;none&quot;,&quot;_ob_perspektive_use&quot;:&quot;no&quot;,&quot;_ob_poopart_use&quot;:&quot;yes&quot;,&quot;_ob_shadough_use&quot;:&quot;no&quot;,&quot;_ob_allow_hoveranimator&quot;:&quot;no&quot;,&quot;_ob_widget_stalker_use&quot;:&quot;no&quot;}\" data-widget_type=\"heading.default\">\n\t\t\t\t<div class=\"elementor-widget-container\">\n\t\t\t\t\t<h3 class=\"elementor-heading-title elementor-size-default\"><a href=\"https:\/\/pmsdockmarine.com\/wp-content\/uploads\/2023\/02\/dockmarine-katalog-tr.jpg\" target=\"_blank\">DockMarine Industrial<\/a><\/h3>\t\t\t\t<\/div>\n\t\t\t\t<\/div>\n\t\t\t\t\t<\/div>\n\t\t<\/div>\n\t\t\t\t<div class=\"elementor-column elementor-col-25 elementor-top-column elementor-element elementor-element-c85e489\" data-id=\"c85e489\" data-element_type=\"column\" data-e-type=\"column\" data-settings=\"{&quot;_ob_bbad_is_stalker&quot;:&quot;no&quot;,&quot;_ob_teleporter_use&quot;:false,&quot;_ob_column_hoveranimator&quot;:&quot;no&quot;,&quot;_ob_column_has_pseudo&quot;:&quot;no&quot;}\">\n\t\t\t<div class=\"elementor-widget-wrap\">\n\t\t\t\t\t\t\t<\/div>\n\t\t<\/div>\n\t\t\t\t<div class=\"elementor-column elementor-col-25 elementor-top-column elementor-element elementor-element-7c903b5\" data-id=\"7c903b5\" data-element_type=\"column\" data-e-type=\"column\" data-settings=\"{&quot;_ob_bbad_is_stalker&quot;:&quot;no&quot;,&quot;_ob_teleporter_use&quot;:false,&quot;_ob_column_hoveranimator&quot;:&quot;no&quot;,&quot;_ob_column_has_pseudo&quot;:&quot;no&quot;}\">\n\t\t\t<div class=\"elementor-widget-wrap\">\n\t\t\t\t\t\t\t<\/div>\n\t\t<\/div>\n\t\t\t\t\t<\/div>\n\t\t<\/section>\n\t\t\t\t<\/div>\n\t\t","protected":false},"excerpt":{"rendered":"<p>Dockmarine Ports DockMarine Industrial<\/p>\n","protected":false},"author":1,"featured_media":0,"parent":0,"menu_order":0,"comment_status":"closed","ping_status":"closed","template":"elementor_header_footer","meta":{"footnotes":""},"class_list":["post-21","page","type-page","status-publish","hentry"],"yoast_head":"<!-- This site is optimized with the Yoast SEO plugin v27.4 - https:\/\/yoast.com\/product\/yoast-seo-wordpress\/ -->\n<title>Catalogs - Y\u00fczer \u0130skeleler, Tekne ve Jetski Platformlar\u0131, \u015eamand\u0131ralar, End\u00fcstriyel Uygulamalar<\/title>\n<meta name=\"description\" content=\"Firmam\u0131z\u0131 ve yapm\u0131\u015f oldu\u011fumuz \u00fcr\u00fcnleri daha iyi tan\u0131man\u0131z i\u00e7in olu\u015fturdu\u011fumuz kataloglar sayfam\u0131z\u0131 ziyaret edebilirsiniz...\" \/>\n<meta name=\"robots\" content=\"index, follow, max-snippet:-1, max-image-preview:large, max-video-preview:-1\" \/>\n<link rel=\"canonical\" href=\"https:\/\/pmsdockmarine.com\/en\/catalogs\/\" \/>\n<meta property=\"og:locale\" content=\"tr_TR\" \/>\n<meta property=\"og:type\" content=\"article\" \/>\n<meta property=\"og:title\" content=\"Catalogs - Y\u00fczer \u0130skeleler, Tekne ve Jetski Platformlar\u0131, \u015eamand\u0131ralar, End\u00fcstriyel Uygulamalar\" \/>\n<meta property=\"og:description\" content=\"Firmam\u0131z\u0131 ve yapm\u0131\u015f oldu\u011fumuz \u00fcr\u00fcnleri daha iyi tan\u0131man\u0131z i\u00e7in olu\u015fturdu\u011fumuz kataloglar sayfam\u0131z\u0131 ziyaret edebilirsiniz...\" \/>\n<meta property=\"og:url\" content=\"https:\/\/pmsdockmarine.com\/en\/catalogs\/\" \/>\n<meta property=\"og:site_name\" content=\"Y\u00fczer \u0130skeleler, Tekne ve Jetski Platformlar\u0131, \u015eamand\u0131ralar, End\u00fcstriyel Uygulamalar\" \/>\n<meta property=\"article:modified_time\" content=\"2023-03-06T08:32:14+00:00\" \/>\n<meta property=\"og:image\" content=\"https:\/\/pmsdockmarine.com\/en\/wp-content\/uploads\/2023\/02\/dockmarine-katalog-tr-768x1019.jpg\" \/>\n<meta name=\"twitter:card\" content=\"summary_large_image\" \/>\n<meta name=\"twitter:label1\" content=\"Tahmini okuma s\u00fcresi\" \/>\n\t<meta name=\"twitter:data1\" content=\"1 dakika\" \/>\n<script type=\"application\/ld+json\" class=\"yoast-schema-graph\">{\"@context\":\"https:\\\/\\\/schema.org\",\"@graph\":[{\"@type\":\"WebPage\",\"@id\":\"https:\\\/\\\/pmsdockmarine.com\\\/en\\\/catalogs\\\/\",\"url\":\"https:\\\/\\\/pmsdockmarine.com\\\/en\\\/catalogs\\\/\",\"name\":\"Catalogs - Y\u00fczer \u0130skeleler, Tekne ve Jetski Platformlar\u0131, \u015eamand\u0131ralar, End\u00fcstriyel Uygulamalar\",\"isPartOf\":{\"@id\":\"https:\\\/\\\/pmsdockmarine.com\\\/en\\\/#website\"},\"primaryImageOfPage\":{\"@id\":\"https:\\\/\\\/pmsdockmarine.com\\\/en\\\/catalogs\\\/#primaryimage\"},\"image\":{\"@id\":\"https:\\\/\\\/pmsdockmarine.com\\\/en\\\/catalogs\\\/#primaryimage\"},\"thumbnailUrl\":\"https:\\\/\\\/pmsdockmarine.com\\\/en\\\/wp-content\\\/uploads\\\/2023\\\/02\\\/dockmarine-katalog-tr-768x1019.jpg\",\"datePublished\":\"2023-02-02T08:12:30+00:00\",\"dateModified\":\"2023-03-06T08:32:14+00:00\",\"description\":\"Firmam\u0131z\u0131 ve yapm\u0131\u015f oldu\u011fumuz \u00fcr\u00fcnleri daha iyi tan\u0131man\u0131z i\u00e7in olu\u015fturdu\u011fumuz kataloglar sayfam\u0131z\u0131 ziyaret edebilirsiniz...\",\"breadcrumb\":{\"@id\":\"https:\\\/\\\/pmsdockmarine.com\\\/en\\\/catalogs\\\/#breadcrumb\"},\"inLanguage\":\"tr\",\"potentialAction\":[{\"@type\":\"ReadAction\",\"target\":[\"https:\\\/\\\/pmsdockmarine.com\\\/en\\\/catalogs\\\/\"]}]},{\"@type\":\"ImageObject\",\"inLanguage\":\"tr\",\"@id\":\"https:\\\/\\\/pmsdockmarine.com\\\/en\\\/catalogs\\\/#primaryimage\",\"url\":\"https:\\\/\\\/pmsdockmarine.com\\\/en\\\/wp-content\\\/uploads\\\/2023\\\/02\\\/dockmarine-katalog-tr.jpg\",\"contentUrl\":\"https:\\\/\\\/pmsdockmarine.com\\\/en\\\/wp-content\\\/uploads\\\/2023\\\/02\\\/dockmarine-katalog-tr.jpg\",\"width\":790,\"height\":1048},{\"@type\":\"BreadcrumbList\",\"@id\":\"https:\\\/\\\/pmsdockmarine.com\\\/en\\\/catalogs\\\/#breadcrumb\",\"itemListElement\":[{\"@type\":\"ListItem\",\"position\":1,\"name\":\"Anasayfa\",\"item\":\"https:\\\/\\\/pmsdockmarine.com\\\/en\\\/\"},{\"@type\":\"ListItem\",\"position\":2,\"name\":\"Catalogs\"}]},{\"@type\":\"WebSite\",\"@id\":\"https:\\\/\\\/pmsdockmarine.com\\\/en\\\/#website\",\"url\":\"https:\\\/\\\/pmsdockmarine.com\\\/en\\\/\",\"name\":\"Y\u00fczer \u0130skeleler, Tekne ve Jetski Platformlar\u0131, \u015eamand\u0131ralar, End\u00fcstriyel Uygulamalar\",\"description\":\"PMS Dock Marine\",\"potentialAction\":[{\"@type\":\"SearchAction\",\"target\":{\"@type\":\"EntryPoint\",\"urlTemplate\":\"https:\\\/\\\/pmsdockmarine.com\\\/en\\\/?s={search_term_string}\"},\"query-input\":{\"@type\":\"PropertyValueSpecification\",\"valueRequired\":true,\"valueName\":\"search_term_string\"}}],\"inLanguage\":\"tr\"}]}<\/script>\n<!-- \/ Yoast SEO plugin. -->","yoast_head_json":{"title":"Catalogs - Y\u00fczer \u0130skeleler, Tekne ve Jetski Platformlar\u0131, \u015eamand\u0131ralar, End\u00fcstriyel Uygulamalar","description":"Firmam\u0131z\u0131 ve yapm\u0131\u015f oldu\u011fumuz \u00fcr\u00fcnleri daha iyi tan\u0131man\u0131z i\u00e7in olu\u015fturdu\u011fumuz kataloglar sayfam\u0131z\u0131 ziyaret edebilirsiniz...","robots":{"index":"index","follow":"follow","max-snippet":"max-snippet:-1","max-image-preview":"max-image-preview:large","max-video-preview":"max-video-preview:-1"},"canonical":"https:\/\/pmsdockmarine.com\/en\/catalogs\/","og_locale":"tr_TR","og_type":"article","og_title":"Catalogs - Y\u00fczer \u0130skeleler, Tekne ve Jetski Platformlar\u0131, \u015eamand\u0131ralar, End\u00fcstriyel Uygulamalar","og_description":"Firmam\u0131z\u0131 ve yapm\u0131\u015f oldu\u011fumuz \u00fcr\u00fcnleri daha iyi tan\u0131man\u0131z i\u00e7in olu\u015fturdu\u011fumuz kataloglar sayfam\u0131z\u0131 ziyaret edebilirsiniz...","og_url":"https:\/\/pmsdockmarine.com\/en\/catalogs\/","og_site_name":"Y\u00fczer \u0130skeleler, Tekne ve Jetski Platformlar\u0131, \u015eamand\u0131ralar, End\u00fcstriyel Uygulamalar","article_modified_time":"2023-03-06T08:32:14+00:00","og_image":[{"url":"https:\/\/pmsdockmarine.com\/en\/wp-content\/uploads\/2023\/02\/dockmarine-katalog-tr-768x1019.jpg","type":"","width":"","height":""}],"twitter_card":"summary_large_image","twitter_misc":{"Tahmini okuma s\u00fcresi":"1 dakika"},"schema":{"@context":"https:\/\/schema.org","@graph":[{"@type":"WebPage","@id":"https:\/\/pmsdockmarine.com\/en\/catalogs\/","url":"https:\/\/pmsdockmarine.com\/en\/catalogs\/","name":"Catalogs - Y\u00fczer \u0130skeleler, Tekne ve Jetski Platformlar\u0131, \u015eamand\u0131ralar, End\u00fcstriyel Uygulamalar","isPartOf":{"@id":"https:\/\/pmsdockmarine.com\/en\/#website"},"primaryImageOfPage":{"@id":"https:\/\/pmsdockmarine.com\/en\/catalogs\/#primaryimage"},"image":{"@id":"https:\/\/pmsdockmarine.com\/en\/catalogs\/#primaryimage"},"thumbnailUrl":"https:\/\/pmsdockmarine.com\/en\/wp-content\/uploads\/2023\/02\/dockmarine-katalog-tr-768x1019.jpg","datePublished":"2023-02-02T08:12:30+00:00","dateModified":"2023-03-06T08:32:14+00:00","description":"Firmam\u0131z\u0131 ve yapm\u0131\u015f oldu\u011fumuz \u00fcr\u00fcnleri daha iyi tan\u0131man\u0131z i\u00e7in olu\u015fturdu\u011fumuz kataloglar sayfam\u0131z\u0131 ziyaret edebilirsiniz...","breadcrumb":{"@id":"https:\/\/pmsdockmarine.com\/en\/catalogs\/#breadcrumb"},"inLanguage":"tr","potentialAction":[{"@type":"ReadAction","target":["https:\/\/pmsdockmarine.com\/en\/catalogs\/"]}]},{"@type":"ImageObject","inLanguage":"tr","@id":"https:\/\/pmsdockmarine.com\/en\/catalogs\/#primaryimage","url":"https:\/\/pmsdockmarine.com\/en\/wp-content\/uploads\/2023\/02\/dockmarine-katalog-tr.jpg","contentUrl":"https:\/\/pmsdockmarine.com\/en\/wp-content\/uploads\/2023\/02\/dockmarine-katalog-tr.jpg","width":790,"height":1048},{"@type":"BreadcrumbList","@id":"https:\/\/pmsdockmarine.com\/en\/catalogs\/#breadcrumb","itemListElement":[{"@type":"ListItem","position":1,"name":"Anasayfa","item":"https:\/\/pmsdockmarine.com\/en\/"},{"@type":"ListItem","position":2,"name":"Catalogs"}]},{"@type":"WebSite","@id":"https:\/\/pmsdockmarine.com\/en\/#website","url":"https:\/\/pmsdockmarine.com\/en\/","name":"Y\u00fczer \u0130skeleler, Tekne ve Jetski Platformlar\u0131, \u015eamand\u0131ralar, End\u00fcstriyel Uygulamalar","description":"PMS Dock Marine","potentialAction":[{"@type":"SearchAction","target":{"@type":"EntryPoint","urlTemplate":"https:\/\/pmsdockmarine.com\/en\/?s={search_term_string}"},"query-input":{"@type":"PropertyValueSpecification","valueRequired":true,"valueName":"search_term_string"}}],"inLanguage":"tr"}]}},"_links":{"self":[{"href":"https:\/\/pmsdockmarine.com\/en\/wp-json\/wp\/v2\/pages\/21","targetHints":{"allow":["GET"]}}],"collection":[{"href":"https:\/\/pmsdockmarine.com\/en\/wp-json\/wp\/v2\/pages"}],"about":[{"href":"https:\/\/pmsdockmarine.com\/en\/wp-json\/wp\/v2\/types\/page"}],"author":[{"embeddable":true,"href":"https:\/\/pmsdockmarine.com\/en\/wp-json\/wp\/v2\/users\/1"}],"replies":[{"embeddable":true,"href":"https:\/\/pmsdockmarine.com\/en\/wp-json\/wp\/v2\/comments?post=21"}],"version-history":[{"count":18,"href":"https:\/\/pmsdockmarine.com\/en\/wp-json\/wp\/v2\/pages\/21\/revisions"}],"predecessor-version":[{"id":1194,"href":"https:\/\/pmsdockmarine.com\/en\/wp-json\/wp\/v2\/pages\/21\/revisions\/1194"}],"wp:attachment":[{"href":"https:\/\/pmsdockmarine.com\/en\/wp-json\/wp\/v2\/media?parent=21"}],"curies":[{"name":"wp","href":"https:\/\/api.w.org\/{rel}","templated":true}]}}