{"id":17,"date":"2023-02-02T11:11:46","date_gmt":"2023-02-02T08:11:46","guid":{"rendered":"https:\/\/pms.siteyse.com\/?page_id=17"},"modified":"2023-06-01T10:32:56","modified_gmt":"2023-06-01T07:32:56","slug":"job_application_form","status":"publish","type":"page","link":"https:\/\/pmsdockmarine.com\/en\/job_application_form\/","title":{"rendered":"Job Application Form"},"content":{"rendered":"\t\t<div data-elementor-type=\"wp-page\" data-elementor-id=\"17\" class=\"elementor elementor-17\">\n\t\t\t\t\t\t<section class=\"ob-is-breaking-bad elementor-section elementor-top-section elementor-element elementor-element-001aeb8 elementor-section-boxed elementor-section-height-default elementor-section-height-default\" data-id=\"001aeb8\" data-element_type=\"section\" data-e-type=\"section\" data-settings=\"{&quot;background_background&quot;:&quot;gradient&quot;,&quot;_ob_bbad_use_it&quot;:&quot;yes&quot;,&quot;_ob_bbad_sssic_use&quot;:&quot;no&quot;,&quot;_ob_glider_is_slider&quot;:&quot;no&quot;}\">\n\t\t\t\t\t\t<div class=\"elementor-container elementor-column-gap-default\">\n\t\t\t\t\t<div class=\"elementor-column elementor-col-100 elementor-top-column elementor-element elementor-element-2cc2303\" data-id=\"2cc2303\" data-element_type=\"column\" data-e-type=\"column\" data-settings=\"{&quot;_ob_bbad_is_stalker&quot;:&quot;no&quot;,&quot;_ob_teleporter_use&quot;:false,&quot;_ob_column_hoveranimator&quot;:&quot;no&quot;,&quot;_ob_column_has_pseudo&quot;:&quot;no&quot;}\">\n\t\t\t<div class=\"elementor-widget-wrap elementor-element-populated\">\n\t\t\t\t\t\t\t<\/div>\n\t\t<\/div>\n\t\t\t\t\t<\/div>\n\t\t<\/section>\n\t\t\t\t<section class=\"ob-is-breaking-bad elementor-section elementor-top-section elementor-element elementor-element-b6e4896 elementor-section-boxed elementor-section-height-default elementor-section-height-default\" data-id=\"b6e4896\" data-element_type=\"section\" data-e-type=\"section\" data-settings=\"{&quot;_ob_bbad_use_it&quot;:&quot;yes&quot;,&quot;_ob_bbad_sssic_use&quot;:&quot;no&quot;,&quot;_ob_glider_is_slider&quot;:&quot;no&quot;}\">\n\t\t\t\t\t\t<div class=\"elementor-container elementor-column-gap-default\">\n\t\t\t\t\t<div class=\"elementor-column elementor-col-50 elementor-top-column elementor-element elementor-element-984e080\" data-id=\"984e080\" data-element_type=\"column\" data-e-type=\"column\" data-settings=\"{&quot;_ob_bbad_is_stalker&quot;:&quot;no&quot;,&quot;_ob_teleporter_use&quot;:false,&quot;_ob_column_hoveranimator&quot;:&quot;no&quot;,&quot;_ob_column_has_pseudo&quot;:&quot;no&quot;}\">\n\t\t\t<div class=\"elementor-widget-wrap elementor-element-populated\">\n\t\t\t\t\t\t<div class=\"elementor-element elementor-element-5ffc141 ob-harakiri-inherit ob-has-background-overlay elementor-widget elementor-widget-heading\" data-id=\"5ffc141\" data-element_type=\"widget\" data-e-type=\"widget\" data-settings=\"{&quot;_ob_use_harakiri&quot;:&quot;yes&quot;,&quot;_ob_harakiri_writing_mode&quot;:&quot;inherit&quot;,&quot;_ob_harakiri_text_clip&quot;:&quot;none&quot;,&quot;_ob_perspektive_use&quot;:&quot;no&quot;,&quot;_ob_poopart_use&quot;:&quot;yes&quot;,&quot;_ob_shadough_use&quot;:&quot;no&quot;,&quot;_ob_allow_hoveranimator&quot;:&quot;no&quot;,&quot;_ob_widget_stalker_use&quot;:&quot;no&quot;}\" data-widget_type=\"heading.default\">\n\t\t\t\t<div class=\"elementor-widget-container\">\n\t\t\t\t\t<h3 class=\"elementor-heading-title elementor-size-default\">Career in PMS<\/h3>\t\t\t\t<\/div>\n\t\t\t\t<\/div>\n\t\t\t\t<div class=\"elementor-element elementor-element-7942da5 ob-harakiri-inherit ob-has-background-overlay elementor-widget elementor-widget-text-editor\" data-id=\"7942da5\" data-element_type=\"widget\" data-e-type=\"widget\" data-settings=\"{&quot;_ob_use_harakiri&quot;:&quot;yes&quot;,&quot;_ob_harakiri_writing_mode&quot;:&quot;inherit&quot;,&quot;_ob_postman_use&quot;:&quot;no&quot;,&quot;_ob_perspektive_use&quot;:&quot;no&quot;,&quot;_ob_poopart_use&quot;:&quot;yes&quot;,&quot;_ob_shadough_use&quot;:&quot;no&quot;,&quot;_ob_allow_hoveranimator&quot;:&quot;no&quot;,&quot;_ob_widget_stalker_use&quot;:&quot;no&quot;}\" data-widget_type=\"text-editor.default\">\n\t\t\t\t<div class=\"elementor-widget-container\">\n\t\t\t\t\t\t\t\t\t<p>Simply fill out the application form. Our team will contact you as soon as possible.<\/p>\t\t\t\t\t\t\t\t<\/div>\n\t\t\t\t<\/div>\n\t\t\t\t\t<\/div>\n\t\t<\/div>\n\t\t\t\t<div class=\"elementor-column elementor-col-50 elementor-top-column elementor-element elementor-element-eabe623\" data-id=\"eabe623\" data-element_type=\"column\" data-e-type=\"column\" data-settings=\"{&quot;_ob_bbad_is_stalker&quot;:&quot;no&quot;,&quot;_ob_teleporter_use&quot;:false,&quot;_ob_column_hoveranimator&quot;:&quot;no&quot;,&quot;_ob_column_has_pseudo&quot;:&quot;no&quot;}\">\n\t\t\t<div class=\"elementor-widget-wrap elementor-element-populated\">\n\t\t\t\t\t\t<div class=\"elementor-element elementor-element-b1c2163 elementor-button-align-stretch ob-has-background-overlay elementor-widget elementor-widget-form\" data-id=\"b1c2163\" data-element_type=\"widget\" data-e-type=\"widget\" data-settings=\"{&quot;step_next_label&quot;:&quot;Next&quot;,&quot;step_previous_label&quot;:&quot;Previous&quot;,&quot;button_width&quot;:&quot;100&quot;,&quot;step_type&quot;:&quot;number_text&quot;,&quot;step_icon_shape&quot;:&quot;circle&quot;,&quot;_ob_perspektive_use&quot;:&quot;no&quot;,&quot;_ob_poopart_use&quot;:&quot;yes&quot;,&quot;_ob_shadough_use&quot;:&quot;no&quot;,&quot;_ob_allow_hoveranimator&quot;:&quot;no&quot;,&quot;_ob_widget_stalker_use&quot;:&quot;no&quot;}\" data-widget_type=\"form.default\">\n\t\t\t\t<div class=\"elementor-widget-container\">\n\t\t\t\t\t\t\t<form class=\"elementor-form\" method=\"post\" name=\"\u0130leti\u015fim Sayfas\u0131 Formu TR\">\n\t\t\t<input type=\"hidden\" name=\"post_id\" value=\"17\"\/>\n\t\t\t<input type=\"hidden\" name=\"form_id\" value=\"b1c2163\"\/>\n\t\t\t<input type=\"hidden\" name=\"referer_title\" value=\"Y\u00fczer \u0130skeleler, Tekne ve Jetski Platformlar\u0131, \u015eamand\u0131ralar, End\u00fcstriyel Uygulamalar\" \/>\n\n\t\t\t\n\t\t\t<div class=\"elementor-form-fields-wrapper elementor-labels-\">\n\t\t\t\t\t\t\t\t<div class=\"elementor-field-type-select elementor-field-group elementor-column elementor-field-group-basvuru_tipi elementor-col-100 elementor-field-required\">\n\t\t\t\t\t\t\t\t\t\t\t\t<label for=\"form-field-basvuru_tipi\" class=\"elementor-field-label elementor-screen-only\">\n\t\t\t\t\t\t\t\tApplication Type\t\t\t\t\t\t\t<\/label>\n\t\t\t\t\t\t\t\t<div class=\"elementor-field elementor-select-wrapper remove-before \">\n\t\t\t<div class=\"select-caret-down-wrapper\">\n\t\t\t\t<i aria-hidden=\"true\" class=\"eicon-caret-down\"><\/i>\t\t\t<\/div>\n\t\t\t<select name=\"form_fields[basvuru_tipi]\" id=\"form-field-basvuru_tipi\" class=\"elementor-field-textual elementor-size-sm\" required=\"required\" aria-required=\"true\">\n\t\t\t\t\t\t\t\t\t<option value=\"Select Application Type\">Select Application Type<\/option>\n\t\t\t\t\t\t\t\t\t<option value=\"Accounting\">Accounting<\/option>\n\t\t\t\t\t\t\t\t\t<option value=\"Human Resources\">Human Resources<\/option>\n\t\t\t\t\t\t\t\t\t<option value=\"Marketing\">Marketing<\/option>\n\t\t\t\t\t\t\t<\/select>\n\t\t<\/div>\n\t\t\t\t\t\t<\/div>\n\t\t\t\t\t\t\t\t<div class=\"elementor-field-type-text elementor-field-group elementor-column elementor-field-group-ad elementor-col-50 elementor-field-required\">\n\t\t\t\t\t\t\t\t\t\t\t\t<label for=\"form-field-ad\" class=\"elementor-field-label elementor-screen-only\">\n\t\t\t\t\t\t\t\tYour Name\t\t\t\t\t\t\t<\/label>\n\t\t\t\t\t\t\t\t\t\t\t\t\t\t<input size=\"1\" type=\"text\" name=\"form_fields[ad]\" id=\"form-field-ad\" class=\"elementor-field elementor-size-sm  elementor-field-textual\" placeholder=\"Your Name\" required=\"required\" aria-required=\"true\">\n\t\t\t\t\t\t\t\t\t\t\t<\/div>\n\t\t\t\t\t\t\t\t<div class=\"elementor-field-type-text elementor-field-group elementor-column elementor-field-group-soyad elementor-col-50 elementor-field-required\">\n\t\t\t\t\t\t\t\t\t\t\t\t<label for=\"form-field-soyad\" class=\"elementor-field-label elementor-screen-only\">\n\t\t\t\t\t\t\t\tYour Surname\t\t\t\t\t\t\t<\/label>\n\t\t\t\t\t\t\t\t\t\t\t\t\t\t<input size=\"1\" type=\"text\" name=\"form_fields[soyad]\" id=\"form-field-soyad\" class=\"elementor-field elementor-size-sm  elementor-field-textual\" placeholder=\"Your Surname\" required=\"required\" aria-required=\"true\">\n\t\t\t\t\t\t\t\t\t\t\t<\/div>\n\t\t\t\t\t\t\t\t<div class=\"elementor-field-type-email elementor-field-group elementor-column elementor-field-group-email elementor-col-100 elementor-field-required\">\n\t\t\t\t\t\t\t\t\t\t\t\t<label for=\"form-field-email\" class=\"elementor-field-label elementor-screen-only\">\n\t\t\t\t\t\t\t\tE-Mail Address\t\t\t\t\t\t\t<\/label>\n\t\t\t\t\t\t\t\t\t\t\t\t\t\t<input size=\"1\" type=\"email\" name=\"form_fields[email]\" id=\"form-field-email\" class=\"elementor-field elementor-size-sm  elementor-field-textual\" placeholder=\"E-Mail Address\" required=\"required\" aria-required=\"true\">\n\t\t\t\t\t\t\t\t\t\t\t<\/div>\n\t\t\t\t\t\t\t\t<div class=\"elementor-field-type-tel elementor-field-group elementor-column elementor-field-group-telefon elementor-col-100 elementor-field-required\">\n\t\t\t\t\t\t\t\t\t\t\t\t<label for=\"form-field-telefon\" class=\"elementor-field-label elementor-screen-only\">\n\t\t\t\t\t\t\t\tYour Mobile Number\t\t\t\t\t\t\t<\/label>\n\t\t\t\t\t\t\t\t<input size=\"1\" type=\"tel\" name=\"form_fields[telefon]\" id=\"form-field-telefon\" class=\"elementor-field elementor-size-sm  elementor-field-textual\" placeholder=\"Your Mobile Number\" required=\"required\" aria-required=\"true\" pattern=\"[0-9()#&amp;+*-=.]+\" title=\"Only numbers and phone characters (#, -, *, etc) are accepted.\">\n\n\t\t\t\t\t\t<\/div>\n\t\t\t\t\t\t\t\t<div class=\"elementor-field-type-textarea elementor-field-group elementor-column elementor-field-group-mesaj elementor-col-100\">\n\t\t\t\t\t\t\t\t\t\t\t\t<label for=\"form-field-mesaj\" class=\"elementor-field-label elementor-screen-only\">\n\t\t\t\t\t\t\t\tCover Letter Supplement\t\t\t\t\t\t\t<\/label>\n\t\t\t\t\t\t<textarea class=\"elementor-field-textual elementor-field  elementor-size-sm\" name=\"form_fields[mesaj]\" id=\"form-field-mesaj\" rows=\"4\" placeholder=\"Cover Letter Supplement\"><\/textarea>\t\t\t\t<\/div>\n\t\t\t\t\t\t\t\t<div class=\"elementor-field-type-upload elementor-field-group elementor-column elementor-field-group-field_e17de8d elementor-col-100\">\n\t\t\t\t\t\t\t<input type=\"file\" name=\"form_fields[field_e17de8d]\" id=\"form-field-field_e17de8d\" class=\"elementor-field elementor-size-sm  elementor-upload-field\">\n\n\t\t\t\t\t\t<\/div>\n\t\t\t\t\t\t\t\t<div class=\"elementor-field-type-html elementor-field-group elementor-column elementor-field-group-field_7c49e54 elementor-col-100\">\n\t\t\t\t\t  I undertake that the above information is correct. I accept all responsibility if the information is inaccurate.\t\t\t\t<\/div>\n\t\t\t\t\t\t\t\t<div class=\"elementor-field-group elementor-column elementor-field-type-submit elementor-col-100 e-form__buttons\">\n\t\t\t\t\t<button type=\"submit\" class=\"elementor-button elementor-size-sm\">\n\t\t\t\t\t\t<span >\n\t\t\t\t\t\t\t\t\t\t\t\t\t\t\t<span class=\" elementor-button-icon\">\n\t\t\t\t\t\t\t\t\t\t\t\t\t\t\t\t\t\t\t\t\t\t\t\t\t\t<\/span>\n\t\t\t\t\t\t\t\t\t\t\t\t\t\t\t\t\t\t\t\t\t\t<span class=\"elementor-button-text\">Send<\/span>\n\t\t\t\t\t\t\t\t\t\t\t\t\t<\/span>\n\t\t\t\t\t<\/button>\n\t\t\t\t<\/div>\n\t\t\t<\/div>\n\t\t<\/form>\n\t\t\t\t\t\t<\/div>\n\t\t\t\t<\/div>\n\t\t\t\t\t<\/div>\n\t\t<\/div>\n\t\t\t\t\t<\/div>\n\t\t<\/section>\n\t\t\t\t<\/div>\n\t\t","protected":false},"excerpt":{"rendered":"<p>Career in PMS Simply fill out the application form. Our team will contact you as soon as possible.<\/p>\n","protected":false},"author":1,"featured_media":0,"parent":0,"menu_order":0,"comment_status":"closed","ping_status":"closed","template":"elementor_header_footer","meta":{"footnotes":""},"class_list":["post-17","page","type-page","status-publish","hentry"],"yoast_head":"<!-- This site is optimized with the Yoast SEO plugin v27.3 - https:\/\/yoast.com\/product\/yoast-seo-wordpress\/ -->\n<title>Job Application Form - Y\u00fczer \u0130skeleler, Tekne ve Jetski Platformlar\u0131, \u015eamand\u0131ralar, End\u00fcstriyel Uygulamalar<\/title>\n<meta name=\"description\" content=\"Ba\u015fvuru formunu doldurman\u0131z yeterlidir. Ekibimiz en k\u0131sa s\u00fcrede sizinle ileti\u015fime ge\u00e7ecek uygun bir ortamda g\u00f6r\u00fc\u015fme sa\u011flanacakt\u0131r...\" \/>\n<meta name=\"robots\" content=\"index, follow, max-snippet:-1, max-image-preview:large, max-video-preview:-1\" \/>\n<link rel=\"canonical\" href=\"https:\/\/pmsdockmarine.com\/en\/job_application_form\/\" \/>\n<meta property=\"og:locale\" content=\"tr_TR\" \/>\n<meta property=\"og:type\" content=\"article\" \/>\n<meta property=\"og:title\" content=\"Job Application Form - Y\u00fczer \u0130skeleler, Tekne ve Jetski Platformlar\u0131, \u015eamand\u0131ralar, End\u00fcstriyel Uygulamalar\" \/>\n<meta property=\"og:description\" content=\"Ba\u015fvuru formunu doldurman\u0131z yeterlidir. Ekibimiz en k\u0131sa s\u00fcrede sizinle ileti\u015fime ge\u00e7ecek uygun bir ortamda g\u00f6r\u00fc\u015fme sa\u011flanacakt\u0131r...\" \/>\n<meta property=\"og:url\" content=\"https:\/\/pmsdockmarine.com\/en\/job_application_form\/\" \/>\n<meta property=\"og:site_name\" content=\"Y\u00fczer \u0130skeleler, Tekne ve Jetski Platformlar\u0131, \u015eamand\u0131ralar, End\u00fcstriyel Uygulamalar\" \/>\n<meta property=\"article:modified_time\" content=\"2023-06-01T07:32:56+00:00\" \/>\n<meta name=\"twitter:card\" content=\"summary_large_image\" \/>\n<meta name=\"twitter:label1\" content=\"Tahmini okuma s\u00fcresi\" \/>\n\t<meta name=\"twitter:data1\" content=\"1 dakika\" \/>\n<script type=\"application\/ld+json\" class=\"yoast-schema-graph\">{\"@context\":\"https:\\\/\\\/schema.org\",\"@graph\":[{\"@type\":\"WebPage\",\"@id\":\"https:\\\/\\\/pmsdockmarine.com\\\/en\\\/job_application_form\\\/\",\"url\":\"https:\\\/\\\/pmsdockmarine.com\\\/en\\\/job_application_form\\\/\",\"name\":\"Job Application Form - Y\u00fczer \u0130skeleler, Tekne ve Jetski Platformlar\u0131, \u015eamand\u0131ralar, End\u00fcstriyel Uygulamalar\",\"isPartOf\":{\"@id\":\"https:\\\/\\\/pmsdockmarine.com\\\/en\\\/#website\"},\"datePublished\":\"2023-02-02T08:11:46+00:00\",\"dateModified\":\"2023-06-01T07:32:56+00:00\",\"description\":\"Ba\u015fvuru formunu doldurman\u0131z yeterlidir. Ekibimiz en k\u0131sa s\u00fcrede sizinle ileti\u015fime ge\u00e7ecek uygun bir ortamda g\u00f6r\u00fc\u015fme sa\u011flanacakt\u0131r...\",\"breadcrumb\":{\"@id\":\"https:\\\/\\\/pmsdockmarine.com\\\/en\\\/job_application_form\\\/#breadcrumb\"},\"inLanguage\":\"tr\",\"potentialAction\":[{\"@type\":\"ReadAction\",\"target\":[\"https:\\\/\\\/pmsdockmarine.com\\\/en\\\/job_application_form\\\/\"]}]},{\"@type\":\"BreadcrumbList\",\"@id\":\"https:\\\/\\\/pmsdockmarine.com\\\/en\\\/job_application_form\\\/#breadcrumb\",\"itemListElement\":[{\"@type\":\"ListItem\",\"position\":1,\"name\":\"Anasayfa\",\"item\":\"https:\\\/\\\/pmsdockmarine.com\\\/en\\\/\"},{\"@type\":\"ListItem\",\"position\":2,\"name\":\"Job Application Form\"}]},{\"@type\":\"WebSite\",\"@id\":\"https:\\\/\\\/pmsdockmarine.com\\\/en\\\/#website\",\"url\":\"https:\\\/\\\/pmsdockmarine.com\\\/en\\\/\",\"name\":\"Y\u00fczer \u0130skeleler, Tekne ve Jetski Platformlar\u0131, \u015eamand\u0131ralar, End\u00fcstriyel Uygulamalar\",\"description\":\"PMS Dock Marine\",\"potentialAction\":[{\"@type\":\"SearchAction\",\"target\":{\"@type\":\"EntryPoint\",\"urlTemplate\":\"https:\\\/\\\/pmsdockmarine.com\\\/en\\\/?s={search_term_string}\"},\"query-input\":{\"@type\":\"PropertyValueSpecification\",\"valueRequired\":true,\"valueName\":\"search_term_string\"}}],\"inLanguage\":\"tr\"}]}<\/script>\n<!-- \/ Yoast SEO plugin. -->","yoast_head_json":{"title":"Job Application Form - Y\u00fczer \u0130skeleler, Tekne ve Jetski Platformlar\u0131, \u015eamand\u0131ralar, End\u00fcstriyel Uygulamalar","description":"Ba\u015fvuru formunu doldurman\u0131z yeterlidir. Ekibimiz en k\u0131sa s\u00fcrede sizinle ileti\u015fime ge\u00e7ecek uygun bir ortamda g\u00f6r\u00fc\u015fme sa\u011flanacakt\u0131r...","robots":{"index":"index","follow":"follow","max-snippet":"max-snippet:-1","max-image-preview":"max-image-preview:large","max-video-preview":"max-video-preview:-1"},"canonical":"https:\/\/pmsdockmarine.com\/en\/job_application_form\/","og_locale":"tr_TR","og_type":"article","og_title":"Job Application Form - Y\u00fczer \u0130skeleler, Tekne ve Jetski Platformlar\u0131, \u015eamand\u0131ralar, End\u00fcstriyel Uygulamalar","og_description":"Ba\u015fvuru formunu doldurman\u0131z yeterlidir. Ekibimiz en k\u0131sa s\u00fcrede sizinle ileti\u015fime ge\u00e7ecek uygun bir ortamda g\u00f6r\u00fc\u015fme sa\u011flanacakt\u0131r...","og_url":"https:\/\/pmsdockmarine.com\/en\/job_application_form\/","og_site_name":"Y\u00fczer \u0130skeleler, Tekne ve Jetski Platformlar\u0131, \u015eamand\u0131ralar, End\u00fcstriyel Uygulamalar","article_modified_time":"2023-06-01T07:32:56+00:00","twitter_card":"summary_large_image","twitter_misc":{"Tahmini okuma s\u00fcresi":"1 dakika"},"schema":{"@context":"https:\/\/schema.org","@graph":[{"@type":"WebPage","@id":"https:\/\/pmsdockmarine.com\/en\/job_application_form\/","url":"https:\/\/pmsdockmarine.com\/en\/job_application_form\/","name":"Job Application Form - Y\u00fczer \u0130skeleler, Tekne ve Jetski Platformlar\u0131, \u015eamand\u0131ralar, End\u00fcstriyel Uygulamalar","isPartOf":{"@id":"https:\/\/pmsdockmarine.com\/en\/#website"},"datePublished":"2023-02-02T08:11:46+00:00","dateModified":"2023-06-01T07:32:56+00:00","description":"Ba\u015fvuru formunu doldurman\u0131z yeterlidir. Ekibimiz en k\u0131sa s\u00fcrede sizinle ileti\u015fime ge\u00e7ecek uygun bir ortamda g\u00f6r\u00fc\u015fme sa\u011flanacakt\u0131r...","breadcrumb":{"@id":"https:\/\/pmsdockmarine.com\/en\/job_application_form\/#breadcrumb"},"inLanguage":"tr","potentialAction":[{"@type":"ReadAction","target":["https:\/\/pmsdockmarine.com\/en\/job_application_form\/"]}]},{"@type":"BreadcrumbList","@id":"https:\/\/pmsdockmarine.com\/en\/job_application_form\/#breadcrumb","itemListElement":[{"@type":"ListItem","position":1,"name":"Anasayfa","item":"https:\/\/pmsdockmarine.com\/en\/"},{"@type":"ListItem","position":2,"name":"Job Application Form"}]},{"@type":"WebSite","@id":"https:\/\/pmsdockmarine.com\/en\/#website","url":"https:\/\/pmsdockmarine.com\/en\/","name":"Y\u00fczer \u0130skeleler, Tekne ve Jetski Platformlar\u0131, \u015eamand\u0131ralar, End\u00fcstriyel Uygulamalar","description":"PMS Dock Marine","potentialAction":[{"@type":"SearchAction","target":{"@type":"EntryPoint","urlTemplate":"https:\/\/pmsdockmarine.com\/en\/?s={search_term_string}"},"query-input":{"@type":"PropertyValueSpecification","valueRequired":true,"valueName":"search_term_string"}}],"inLanguage":"tr"}]}},"_links":{"self":[{"href":"https:\/\/pmsdockmarine.com\/en\/wp-json\/wp\/v2\/pages\/17","targetHints":{"allow":["GET"]}}],"collection":[{"href":"https:\/\/pmsdockmarine.com\/en\/wp-json\/wp\/v2\/pages"}],"about":[{"href":"https:\/\/pmsdockmarine.com\/en\/wp-json\/wp\/v2\/types\/page"}],"author":[{"embeddable":true,"href":"https:\/\/pmsdockmarine.com\/en\/wp-json\/wp\/v2\/users\/1"}],"replies":[{"embeddable":true,"href":"https:\/\/pmsdockmarine.com\/en\/wp-json\/wp\/v2\/comments?post=17"}],"version-history":[{"count":29,"href":"https:\/\/pmsdockmarine.com\/en\/wp-json\/wp\/v2\/pages\/17\/revisions"}],"predecessor-version":[{"id":2764,"href":"https:\/\/pmsdockmarine.com\/en\/wp-json\/wp\/v2\/pages\/17\/revisions\/2764"}],"wp:attachment":[{"href":"https:\/\/pmsdockmarine.com\/en\/wp-json\/wp\/v2\/media?parent=17"}],"curies":[{"name":"wp","href":"https:\/\/api.w.org\/{rel}","templated":true}]}}